{"id":2008,"date":"2016-03-02T15:06:23","date_gmt":"2016-03-02T15:06:23","guid":{"rendered":"https:\/\/whndn.org\/publicaciones\/"},"modified":"2023-12-08T20:26:32","modified_gmt":"2023-12-08T20:26:32","slug":"publicaciones","status":"publish","type":"page","link":"https:\/\/whndn.org\/es\/publicaciones\/","title":{"rendered":"Publicaciones"},"content":{"rendered":"\n<style type=\"text\/css\" data-created_by=\"avia_inline_auto\" id=\"style-css-av-m7uvq-bbc4504decf6e896a1148e92cf510c64\">\n.avia-section.av-m7uvq-bbc4504decf6e896a1148e92cf510c64{\nbackground-repeat:no-repeat;\nbackground-image:url(https:\/\/whndn.org\/wp-content\/uploads\/2023\/11\/iStock-1302676874-scaled.jpg);\nbackground-position:50% 50%;\nbackground-attachment:scroll;\n}\n.avia-section.av-m7uvq-bbc4504decf6e896a1148e92cf510c64 .av-section-color-overlay{\nopacity:0.4;\nbackground-color:#000000;\n}\n<\/style>\n<div id='av_section_1'  class='avia-section av-m7uvq-bbc4504decf6e896a1148e92cf510c64 main_color avia-section-large avia-no-border-styling  avia-builder-el-0  el_before_av_blog  avia-builder-el-first  avia-full-stretch avia-bg-style-scroll av-section-color-overlay-active av-minimum-height av-minimum-height-40  container_wrap sidebar_right'  data-section-bg-repeat='stretch' data-av_minimum_height_pc='40'><div class=\"av-section-color-overlay-wrap\"><div class=\"av-section-color-overlay\"><\/div><div class='container av-section-cont-open' ><main  role=\"main\" itemprop=\"mainContentOfPage\"  class='template-page content  av-content-small alpha units'><div class='post-entry post-entry-type-page post-entry-2008'><div class='entry-content-wrapper clearfix'>\n\n<style type=\"text\/css\" data-created_by=\"avia_inline_auto\" id=\"style-css-av-f253q-82cb0f0b9f56597b147055265f3fd429\">\n#top .av-special-heading.av-f253q-82cb0f0b9f56597b147055265f3fd429{\npadding-bottom:10px;\ncolor:#ffffff;\nfont-size:70px;\n}\nbody .av-special-heading.av-f253q-82cb0f0b9f56597b147055265f3fd429 .av-special-heading-tag .heading-char{\nfont-size:25px;\n}\n#top #wrap_all .av-special-heading.av-f253q-82cb0f0b9f56597b147055265f3fd429 .av-special-heading-tag{\nfont-size:70px;\n}\n.av-special-heading.av-f253q-82cb0f0b9f56597b147055265f3fd429 .special-heading-inner-border{\nborder-color:#ffffff;\n}\n.av-special-heading.av-f253q-82cb0f0b9f56597b147055265f3fd429 .av-subheading{\nfont-size:15px;\n}\n\n@media only screen and (min-width: 480px) and (max-width: 767px){ \n#top #wrap_all .av-special-heading.av-f253q-82cb0f0b9f56597b147055265f3fd429 .av-special-heading-tag{\nfont-size:0.8em;\n}\n}\n\n@media only screen and (max-width: 479px){ \n#top #wrap_all .av-special-heading.av-f253q-82cb0f0b9f56597b147055265f3fd429 .av-special-heading-tag{\nfont-size:0.8em;\n}\n}\n<\/style>\n<div  class='av-special-heading av-f253q-82cb0f0b9f56597b147055265f3fd429 av-special-heading-h6 custom-color-heading blockquote modern-quote modern-centered  avia-builder-el-1  avia-builder-el-no-sibling  av-inherit-size'><h6 class='av-special-heading-tag'  itemprop=\"headline\"  >Publicaciones<\/h6><div class=\"special-heading-border\"><div class=\"special-heading-inner-border\"><\/div><\/div><\/div>\n<\/div><\/div><\/main><!-- close content main element --><\/div><\/div><\/div><div id='after_section_1'  class='main_color av_default_container_wrap container_wrap sidebar_right'  ><div class='container av-section-cont-open' ><div class='template-page content  av-content-small alpha units'><div class='post-entry post-entry-type-page post-entry-2008'><div class='entry-content-wrapper clearfix'>\n<div  class='av-alb-blogposts template-blog  '  itemscope=\"itemscope\" itemtype=\"https:\/\/schema.org\/Blog\" ><article class=\"post-entry post-entry-type-standard post-entry-2054 post-loop-1 post-parity-odd single-big  post-2054 post type-post status-publish format-standard hentry category-derechos-de-los-ninos\"  itemscope=\"itemscope\" itemtype=\"https:\/\/schema.org\/BlogPosting\" ><div class=\"blog-meta\"><\/div><div class='entry-content-wrapper clearfix standard-content'><header class=\"entry-content-header\"><h2 class='post-title entry-title '  itemprop=\"headline\" ><a href=\"https:\/\/whndn.org\/es\/2023\/12\/child-rights-in-disaster-risk-management-en\/\" rel=\"bookmark\" title=\"Enlace permanente: Child Rights in Disaster Risk Management &#8211; [EN]\">Child Rights in Disaster Risk Management &#8211; [EN]<span class=\"post-format-icon minor-meta\"><\/span><\/a><\/h2><span class=\"post-meta-infos\"><time class=\"date-container minor-meta updated\"  itemprop=\"datePublished\" datetime=\"2023-12-09T20:21:29+00:00\" >diciembre 9, 2023<\/time><span class=\"text-sep\">\/<\/span><span class=\"blog-categories minor-meta\">en <a href=\"https:\/\/whndn.org\/es\/category\/miscelaneas\/derechos-de-los-ninos\/\" rel=\"tag\">Derechos de los Ni\u00f1os<\/a><\/span><span class=\"text-sep\">\/<\/span><span class=\"blog-author minor-meta\">por <span class=\"entry-author-link\"  itemprop=\"author\" ><span class=\"author\"><span class=\"fn\"><a href=\"https:\/\/whndn.org\/es\/author\/agironarchi\/\" title=\"Entradas de agironarchi\" rel=\"author\">agironarchi<\/a><\/span><\/span><\/span><\/span><\/span><\/header><div class=\"entry-content\"  itemprop=\"text\" ><div class=\"read-more-link\"><a href=\"https:\/\/whndn.org\/es\/2023\/12\/child-rights-in-disaster-risk-management-en\/\" class=\"more-link\">Leer m\u00e1s<span class=\"more-link-arrow\"><\/span><\/a><\/div>\n<\/div><footer class=\"entry-footer\"><\/footer><div class='post_delimiter'><\/div><\/div><div class=\"post_author_timeline\"><\/div><span class='hidden'>\n\t\t\t\t<span class='av-structured-data'  itemprop=\"image\" itemscope=\"itemscope\" itemtype=\"https:\/\/schema.org\/ImageObject\" >\n\t\t\t\t\t\t<span itemprop='url'>https:\/\/whndn.org\/wp-content\/uploads\/2024\/03\/WHNDN-1-300x70.png<\/span>\n\t\t\t\t\t\t<span itemprop='height'>0<\/span>\n\t\t\t\t\t\t<span itemprop='width'>0<\/span>\n\t\t\t\t<\/span>\n\t\t\t\t<span class='av-structured-data'  itemprop=\"publisher\" itemtype=\"https:\/\/schema.org\/Organization\" itemscope=\"itemscope\" >\n\t\t\t\t\t\t<span itemprop='name'>agironarchi<\/span>\n\t\t\t\t\t\t<span itemprop='logo' itemscope itemtype='https:\/\/schema.org\/ImageObject'>\n\t\t\t\t\t\t\t<span itemprop='url'>https:\/\/whndn.org\/wp-content\/uploads\/2024\/03\/WHNDN-1-300x70.png<\/span>\n\t\t\t\t\t\t<\/span>\n\t\t\t\t<\/span><span class='av-structured-data'  itemprop=\"author\" itemscope=\"itemscope\" itemtype=\"https:\/\/schema.org\/Person\" ><span itemprop='name'>agironarchi<\/span><\/span><span class='av-structured-data'  itemprop=\"datePublished\" datetime=\"2023-12-09T20:21:29+00:00\" >2023-12-09 20:21:29<\/span><span class='av-structured-data'  itemprop=\"dateModified\" itemtype=\"https:\/\/schema.org\/dateModified\" >2023-12-09 20:22:02<\/span><span class='av-structured-data'  itemprop=\"mainEntityOfPage\" itemtype=\"https:\/\/schema.org\/mainEntityOfPage\" ><span itemprop='name'>Child Rights in Disaster Risk Management &#8211; [EN]<\/span><\/span><\/span><\/article><article class=\"post-entry post-entry-type-standard post-entry-2049 post-loop-2 post-parity-even single-big  post-2049 post type-post status-publish format-standard hentry category-mejores-practicas\"  itemscope=\"itemscope\" itemtype=\"https:\/\/schema.org\/BlogPosting\" ><div class=\"blog-meta\"><\/div><div class='entry-content-wrapper clearfix standard-content'><header class=\"entry-content-header\"><h2 class='post-title entry-title '  itemprop=\"headline\" ><a href=\"https:\/\/whndn.org\/es\/2023\/12\/catalogue-of-best-practices-conclusions-and-recommendations-of-the-santa-marta-second-hemispheric-encounter-national-mechanisms-and-networks-for-risk-reduction-encounter-of-santa-marta-fr\/\" rel=\"bookmark\" title=\"Enlace permanente: Catalogue of best practices, conclusions and recommendations of the Santa Marta Second Hemispheric Encounter : National Mechanisms and Networks for Risk Reduction \u201cEncounter of Santa Marta: From Theory to Practice\u201d &#8211; [EN]\">Catalogue of best practices, conclusions and recommendations of the Santa Marta Second Hemispheric Encounter : National Mechanisms and Networks for Risk Reduction \u201cEncounter of Santa Marta: From Theory to Practice\u201d &#8211; [EN]<span class=\"post-format-icon minor-meta\"><\/span><\/a><\/h2><span class=\"post-meta-infos\"><time class=\"date-container minor-meta updated\"  itemprop=\"datePublished\" datetime=\"2023-12-08T21:55:20+00:00\" >diciembre 8, 2023<\/time><span class=\"text-sep\">\/<\/span><span class=\"blog-categories minor-meta\">en <a href=\"https:\/\/whndn.org\/es\/category\/miscelaneas\/mejores-practicas\/\" rel=\"tag\">Mejores Practicas<\/a><\/span><span class=\"text-sep\">\/<\/span><span class=\"blog-author minor-meta\">por <span class=\"entry-author-link\"  itemprop=\"author\" ><span class=\"author\"><span class=\"fn\"><a href=\"https:\/\/whndn.org\/es\/author\/agironarchi\/\" title=\"Entradas de agironarchi\" rel=\"author\">agironarchi<\/a><\/span><\/span><\/span><\/span><\/span><\/header><div class=\"entry-content\"  itemprop=\"text\" ><div class=\"read-more-link\"><a href=\"https:\/\/whndn.org\/es\/2023\/12\/catalogue-of-best-practices-conclusions-and-recommendations-of-the-santa-marta-second-hemispheric-encounter-national-mechanisms-and-networks-for-risk-reduction-encounter-of-santa-marta-fr\/\" class=\"more-link\">Leer m\u00e1s<span class=\"more-link-arrow\"><\/span><\/a><\/div>\n<\/div><footer class=\"entry-footer\"><\/footer><div class='post_delimiter'><\/div><\/div><div class=\"post_author_timeline\"><\/div><span class='hidden'>\n\t\t\t\t<span class='av-structured-data'  itemprop=\"image\" itemscope=\"itemscope\" itemtype=\"https:\/\/schema.org\/ImageObject\" >\n\t\t\t\t\t\t<span itemprop='url'>https:\/\/whndn.org\/wp-content\/uploads\/2024\/03\/WHNDN-1-300x70.png<\/span>\n\t\t\t\t\t\t<span itemprop='height'>0<\/span>\n\t\t\t\t\t\t<span itemprop='width'>0<\/span>\n\t\t\t\t<\/span>\n\t\t\t\t<span class='av-structured-data'  itemprop=\"publisher\" itemtype=\"https:\/\/schema.org\/Organization\" itemscope=\"itemscope\" >\n\t\t\t\t\t\t<span itemprop='name'>agironarchi<\/span>\n\t\t\t\t\t\t<span itemprop='logo' itemscope itemtype='https:\/\/schema.org\/ImageObject'>\n\t\t\t\t\t\t\t<span itemprop='url'>https:\/\/whndn.org\/wp-content\/uploads\/2024\/03\/WHNDN-1-300x70.png<\/span>\n\t\t\t\t\t\t<\/span>\n\t\t\t\t<\/span><span class='av-structured-data'  itemprop=\"author\" itemscope=\"itemscope\" itemtype=\"https:\/\/schema.org\/Person\" ><span itemprop='name'>agironarchi<\/span><\/span><span class='av-structured-data'  itemprop=\"datePublished\" datetime=\"2023-12-08T21:55:20+00:00\" >2023-12-08 21:55:20<\/span><span class='av-structured-data'  itemprop=\"dateModified\" itemtype=\"https:\/\/schema.org\/dateModified\" >2023-12-08 21:56:36<\/span><span class='av-structured-data'  itemprop=\"mainEntityOfPage\" itemtype=\"https:\/\/schema.org\/mainEntityOfPage\" ><span itemprop='name'>Catalogue of best practices, conclusions and recommendations of the Santa Marta Second Hemispheric Encounter : National Mechanisms and Networks for Risk Reduction \u201cEncounter of Santa Marta: From Theory to Practice\u201d &#8211; [EN]<\/span><\/span><\/span><\/article><article class=\"post-entry post-entry-type-standard post-entry-2040 post-loop-3 post-parity-odd single-big  post-2040 post type-post status-publish format-standard hentry category-desarrollo-de-capacidades\"  itemscope=\"itemscope\" itemtype=\"https:\/\/schema.org\/BlogPosting\" ><div class=\"blog-meta\"><\/div><div class='entry-content-wrapper clearfix standard-content'><header class=\"entry-content-header\"><h2 class='post-title entry-title '  itemprop=\"headline\" ><a href=\"https:\/\/whndn.org\/es\/2023\/12\/oas-gef-csp-project-one-pager-april-6-2021-rev2-en\/\" rel=\"bookmark\" title=\"Enlace permanente: OAS GEF CSP Project One Pager -April 6, 2021 rev2 &#8211; [EN]\">OAS GEF CSP Project One Pager -April 6, 2021 rev2 &#8211; [EN]<span class=\"post-format-icon minor-meta\"><\/span><\/a><\/h2><span class=\"post-meta-infos\"><time class=\"date-container minor-meta updated\"  itemprop=\"datePublished\" datetime=\"2023-12-08T21:49:53+00:00\" >diciembre 8, 2023<\/time><span class=\"text-sep\">\/<\/span><span class=\"blog-categories minor-meta\">en <a href=\"https:\/\/whndn.org\/es\/category\/miscelaneas\/desarrollo-de-capacidades\/\" rel=\"tag\">Desarrollo de Capacidades<\/a><\/span><span class=\"text-sep\">\/<\/span><span class=\"blog-author minor-meta\">por <span class=\"entry-author-link\"  itemprop=\"author\" ><span class=\"author\"><span class=\"fn\"><a href=\"https:\/\/whndn.org\/es\/author\/agironarchi\/\" title=\"Entradas de agironarchi\" rel=\"author\">agironarchi<\/a><\/span><\/span><\/span><\/span><\/span><\/header><div class=\"entry-content\"  itemprop=\"text\" ><div class=\"read-more-link\"><a href=\"https:\/\/whndn.org\/es\/2023\/12\/oas-gef-csp-project-one-pager-april-6-2021-rev2-en\/\" class=\"more-link\">Leer m\u00e1s<span class=\"more-link-arrow\"><\/span><\/a><\/div>\n<\/div><footer class=\"entry-footer\"><\/footer><div class='post_delimiter'><\/div><\/div><div class=\"post_author_timeline\"><\/div><span class='hidden'>\n\t\t\t\t<span class='av-structured-data'  itemprop=\"image\" itemscope=\"itemscope\" itemtype=\"https:\/\/schema.org\/ImageObject\" >\n\t\t\t\t\t\t<span itemprop='url'>https:\/\/whndn.org\/wp-content\/uploads\/2024\/03\/WHNDN-1-300x70.png<\/span>\n\t\t\t\t\t\t<span itemprop='height'>0<\/span>\n\t\t\t\t\t\t<span itemprop='width'>0<\/span>\n\t\t\t\t<\/span>\n\t\t\t\t<span class='av-structured-data'  itemprop=\"publisher\" itemtype=\"https:\/\/schema.org\/Organization\" itemscope=\"itemscope\" >\n\t\t\t\t\t\t<span itemprop='name'>agironarchi<\/span>\n\t\t\t\t\t\t<span itemprop='logo' itemscope itemtype='https:\/\/schema.org\/ImageObject'>\n\t\t\t\t\t\t\t<span itemprop='url'>https:\/\/whndn.org\/wp-content\/uploads\/2024\/03\/WHNDN-1-300x70.png<\/span>\n\t\t\t\t\t\t<\/span>\n\t\t\t\t<\/span><span class='av-structured-data'  itemprop=\"author\" itemscope=\"itemscope\" itemtype=\"https:\/\/schema.org\/Person\" ><span itemprop='name'>agironarchi<\/span><\/span><span class='av-structured-data'  itemprop=\"datePublished\" datetime=\"2023-12-08T21:49:53+00:00\" >2023-12-08 21:49:53<\/span><span class='av-structured-data'  itemprop=\"dateModified\" itemtype=\"https:\/\/schema.org\/dateModified\" >2023-12-08 21:51:06<\/span><span class='av-structured-data'  itemprop=\"mainEntityOfPage\" itemtype=\"https:\/\/schema.org\/mainEntityOfPage\" ><span itemprop='name'>OAS GEF CSP Project One Pager -April 6, 2021 rev2 &#8211; [EN]<\/span><\/span><\/span><\/article><article class=\"post-entry post-entry-type-standard post-entry-2022 post-loop-4 post-parity-even single-big  post-2022 post type-post status-publish format-standard hentry category-quimicos-peligrosos\"  itemscope=\"itemscope\" itemtype=\"https:\/\/schema.org\/BlogPosting\" ><div class=\"blog-meta\"><\/div><div class='entry-content-wrapper clearfix standard-content'><header class=\"entry-content-header\"><h2 class='post-title entry-title '  itemprop=\"headline\" ><a href=\"https:\/\/whndn.org\/es\/2023\/12\/gestion-de-riesgo-en-el-manejo-de-quimicos-peligrosos-en-las-americas-es\/\" rel=\"bookmark\" title=\"Enlace permanente: GESTI\u00d3N DE RIESGO EN EL MANEJO DE QU\u00cdMICOS PELIGROSOS EN LAS AM\u00c9RICAS &#8211; [ES]\">GESTI\u00d3N DE RIESGO EN EL MANEJO DE QU\u00cdMICOS PELIGROSOS EN LAS AM\u00c9RICAS &#8211; [ES]<span class=\"post-format-icon minor-meta\"><\/span><\/a><\/h2><span class=\"post-meta-infos\"><time class=\"date-container minor-meta updated\"  itemprop=\"datePublished\" datetime=\"2023-12-08T21:39:37+00:00\" >diciembre 8, 2023<\/time><span class=\"text-sep\">\/<\/span><span class=\"blog-categories minor-meta\">en <a href=\"https:\/\/whndn.org\/es\/category\/quimicos-peligrosos\/\" rel=\"tag\">Qu\u00edmicos Peligrosos<\/a><\/span><span class=\"text-sep\">\/<\/span><span class=\"blog-author minor-meta\">por <span class=\"entry-author-link\"  itemprop=\"author\" ><span class=\"author\"><span class=\"fn\"><a href=\"https:\/\/whndn.org\/es\/author\/agironarchi\/\" title=\"Entradas de agironarchi\" rel=\"author\">agironarchi<\/a><\/span><\/span><\/span><\/span><\/span><\/header><div class=\"entry-content\"  itemprop=\"text\" ><div class=\"read-more-link\"><a href=\"https:\/\/whndn.org\/es\/2023\/12\/gestion-de-riesgo-en-el-manejo-de-quimicos-peligrosos-en-las-americas-es\/\" class=\"more-link\">Leer m\u00e1s<span class=\"more-link-arrow\"><\/span><\/a><\/div>\n<\/div><footer class=\"entry-footer\"><\/footer><div class='post_delimiter'><\/div><\/div><div class=\"post_author_timeline\"><\/div><span class='hidden'>\n\t\t\t\t<span class='av-structured-data'  itemprop=\"image\" itemscope=\"itemscope\" itemtype=\"https:\/\/schema.org\/ImageObject\" >\n\t\t\t\t\t\t<span itemprop='url'>https:\/\/whndn.org\/wp-content\/uploads\/2024\/03\/WHNDN-1-300x70.png<\/span>\n\t\t\t\t\t\t<span itemprop='height'>0<\/span>\n\t\t\t\t\t\t<span itemprop='width'>0<\/span>\n\t\t\t\t<\/span>\n\t\t\t\t<span class='av-structured-data'  itemprop=\"publisher\" itemtype=\"https:\/\/schema.org\/Organization\" itemscope=\"itemscope\" >\n\t\t\t\t\t\t<span itemprop='name'>agironarchi<\/span>\n\t\t\t\t\t\t<span itemprop='logo' itemscope itemtype='https:\/\/schema.org\/ImageObject'>\n\t\t\t\t\t\t\t<span itemprop='url'>https:\/\/whndn.org\/wp-content\/uploads\/2024\/03\/WHNDN-1-300x70.png<\/span>\n\t\t\t\t\t\t<\/span>\n\t\t\t\t<\/span><span class='av-structured-data'  itemprop=\"author\" itemscope=\"itemscope\" itemtype=\"https:\/\/schema.org\/Person\" ><span itemprop='name'>agironarchi<\/span><\/span><span class='av-structured-data'  itemprop=\"datePublished\" datetime=\"2023-12-08T21:39:37+00:00\" >2023-12-08 21:39:37<\/span><span class='av-structured-data'  itemprop=\"dateModified\" itemtype=\"https:\/\/schema.org\/dateModified\" >2023-12-08 21:39:39<\/span><span class='av-structured-data'  itemprop=\"mainEntityOfPage\" itemtype=\"https:\/\/schema.org\/mainEntityOfPage\" ><span itemprop='name'>GESTI\u00d3N DE RIESGO EN EL MANEJO DE QU\u00cdMICOS PELIGROSOS EN LAS AM\u00c9RICAS &#8211; [ES]<\/span><\/span><\/span><\/article><article class=\"post-entry post-entry-type-standard post-entry-2003 post-loop-5 post-parity-odd post-entry-last single-big  post-2003 post type-post status-publish format-standard hentry category-inundaciones\"  itemscope=\"itemscope\" itemtype=\"https:\/\/schema.org\/BlogPosting\" ><div class=\"blog-meta\"><\/div><div class='entry-content-wrapper clearfix standard-content'><header class=\"entry-content-header\"><h2 class='post-title entry-title '  itemprop=\"headline\" ><a href=\"https:\/\/whndn.org\/es\/2023\/12\/sistema-de-alerta-temprana-ante-inundaciones-en-la-cuenca-alta-del-rio-esteli-estudio-hidrologico-es-es\/\" rel=\"bookmark\" title=\"Enlace permanente: Sistema de Alerta Temprana ante Inundaciones en la Cuenca Alta del R\u00edo Estel\u00ed Estudio Hidrol\u00f3gico &#8211; [ES]\">Sistema de Alerta Temprana ante Inundaciones en la Cuenca Alta del R\u00edo Estel\u00ed Estudio Hidrol\u00f3gico &#8211; [ES]<span class=\"post-format-icon minor-meta\"><\/span><\/a><\/h2><span class=\"post-meta-infos\"><time class=\"date-container minor-meta updated\"  itemprop=\"datePublished\" datetime=\"2023-12-08T20:11:44+00:00\" >diciembre 8, 2023<\/time><span class=\"text-sep\">\/<\/span><span class=\"blog-categories minor-meta\">en <a href=\"https:\/\/whndn.org\/es\/category\/inundaciones\/\" rel=\"tag\">Inundaciones<\/a><\/span><span class=\"text-sep\">\/<\/span><span class=\"blog-author minor-meta\">por <span class=\"entry-author-link\"  itemprop=\"author\" ><span class=\"author\"><span class=\"fn\"><a href=\"https:\/\/whndn.org\/es\/author\/agironarchi\/\" title=\"Entradas de agironarchi\" rel=\"author\">agironarchi<\/a><\/span><\/span><\/span><\/span><\/span><\/header><div class=\"entry-content\"  itemprop=\"text\" ><div class=\"read-more-link\"><a href=\"https:\/\/whndn.org\/es\/2023\/12\/sistema-de-alerta-temprana-ante-inundaciones-en-la-cuenca-alta-del-rio-esteli-estudio-hidrologico-es-es\/\" class=\"more-link\">Leer m\u00e1s<span class=\"more-link-arrow\"><\/span><\/a><\/div>\n<\/div><footer class=\"entry-footer\"><\/footer><div class='post_delimiter'><\/div><\/div><div class=\"post_author_timeline\"><\/div><span class='hidden'>\n\t\t\t\t<span class='av-structured-data'  itemprop=\"image\" itemscope=\"itemscope\" itemtype=\"https:\/\/schema.org\/ImageObject\" >\n\t\t\t\t\t\t<span itemprop='url'>https:\/\/whndn.org\/wp-content\/uploads\/2024\/03\/WHNDN-1-300x70.png<\/span>\n\t\t\t\t\t\t<span itemprop='height'>0<\/span>\n\t\t\t\t\t\t<span itemprop='width'>0<\/span>\n\t\t\t\t<\/span>\n\t\t\t\t<span class='av-structured-data'  itemprop=\"publisher\" itemtype=\"https:\/\/schema.org\/Organization\" itemscope=\"itemscope\" >\n\t\t\t\t\t\t<span itemprop='name'>agironarchi<\/span>\n\t\t\t\t\t\t<span itemprop='logo' itemscope itemtype='https:\/\/schema.org\/ImageObject'>\n\t\t\t\t\t\t\t<span itemprop='url'>https:\/\/whndn.org\/wp-content\/uploads\/2024\/03\/WHNDN-1-300x70.png<\/span>\n\t\t\t\t\t\t<\/span>\n\t\t\t\t<\/span><span class='av-structured-data'  itemprop=\"author\" itemscope=\"itemscope\" itemtype=\"https:\/\/schema.org\/Person\" ><span itemprop='name'>agironarchi<\/span><\/span><span class='av-structured-data'  itemprop=\"datePublished\" datetime=\"2023-12-08T20:11:44+00:00\" >2023-12-08 20:11:44<\/span><span class='av-structured-data'  itemprop=\"dateModified\" itemtype=\"https:\/\/schema.org\/dateModified\" >2023-12-08 20:35:52<\/span><span class='av-structured-data'  itemprop=\"mainEntityOfPage\" itemtype=\"https:\/\/schema.org\/mainEntityOfPage\" ><span itemprop='name'>Sistema de Alerta Temprana ante Inundaciones en la Cuenca Alta del R\u00edo Estel\u00ed Estudio Hidrol\u00f3gico &#8211; [ES]<\/span><\/span><\/span><\/article><div class='single-big'><nav class='pagination'><span class='pagination-meta'>P\u00e1gina 1 de 3<\/span><span class='current'>1<\/span><a href='https:\/\/whndn.org\/es\/wp-json\/wp\/v2\/pages\/2008\/page\/2\/' class='inactive next_page' >2<\/a><a href='https:\/\/whndn.org\/es\/wp-json\/wp\/v2\/pages\/2008\/page\/3\/' class='inactive' >3<\/a><\/nav>\n<\/div><\/div>\n","protected":false},"excerpt":{"rendered":"","protected":false},"author":1,"featured_media":0,"parent":0,"menu_order":0,"comment_status":"closed","ping_status":"closed","template":"","meta":{"_coblocks_attr":"","_coblocks_dimensions":"","_coblocks_responsive_height":"","_coblocks_accordion_ie_support":"","footnotes":""},"class_list":["post-2008","page","type-page","status-publish","hentry"],"_links":{"self":[{"href":"https:\/\/whndn.org\/es\/wp-json\/wp\/v2\/pages\/2008","targetHints":{"allow":["GET"]}}],"collection":[{"href":"https:\/\/whndn.org\/es\/wp-json\/wp\/v2\/pages"}],"about":[{"href":"https:\/\/whndn.org\/es\/wp-json\/wp\/v2\/types\/page"}],"author":[{"embeddable":true,"href":"https:\/\/whndn.org\/es\/wp-json\/wp\/v2\/users\/1"}],"replies":[{"embeddable":true,"href":"https:\/\/whndn.org\/es\/wp-json\/wp\/v2\/comments?post=2008"}],"version-history":[{"count":2,"href":"https:\/\/whndn.org\/es\/wp-json\/wp\/v2\/pages\/2008\/revisions"}],"predecessor-version":[{"id":2010,"href":"https:\/\/whndn.org\/es\/wp-json\/wp\/v2\/pages\/2008\/revisions\/2010"}],"wp:attachment":[{"href":"https:\/\/whndn.org\/es\/wp-json\/wp\/v2\/media?parent=2008"}],"curies":[{"name":"wp","href":"https:\/\/api.w.org\/{rel}","templated":true}]}}