{"id":1510,"date":"2014-08-24T17:28:24","date_gmt":"2014-08-24T17:28:24","guid":{"rendered":"https:\/\/challito.com\/contacto\/"},"modified":"2024-05-20T02:57:45","modified_gmt":"2024-05-20T02:57:45","slug":"contacto","status":"publish","type":"page","link":"https:\/\/whndn.org\/es\/contacto\/","title":{"rendered":"Contacto"},"content":{"rendered":"\n<style type=\"text\/css\" data-created_by=\"avia_inline_auto\" id=\"style-css-av-lodbo3n5-142bdd2094a45e48e271ff65f98044e3\">\n.avia-section.av-lodbo3n5-142bdd2094a45e48e271ff65f98044e3{\nbackground-repeat:no-repeat;\nbackground-image:url(https:\/\/whndn.org\/wp-content\/uploads\/2023\/11\/iStock-1688578381-1-scaled.jpg);\nbackground-position:50% 50%;\nbackground-attachment:scroll;\n}\n.avia-section.av-lodbo3n5-142bdd2094a45e48e271ff65f98044e3 .av-section-color-overlay{\nopacity:0.4;\nbackground-color:#000000;\n}\n<\/style>\n<div id='av_section_1'  class='avia-section av-lodbo3n5-142bdd2094a45e48e271ff65f98044e3 main_color avia-section-large avia-no-border-styling  avia-builder-el-0  el_before_av_layout_row  avia-builder-el-first  avia-full-stretch avia-bg-style-scroll av-section-color-overlay-active av-minimum-height av-minimum-height-40  container_wrap sidebar_right'  data-section-bg-repeat='stretch' data-av_minimum_height_pc='40'><div class=\"av-section-color-overlay-wrap\"><div class=\"av-section-color-overlay\"><\/div><div class='container av-section-cont-open' ><main  role=\"main\" itemprop=\"mainContentOfPage\"  class='template-page content  av-content-small alpha units'><div class='post-entry post-entry-type-page post-entry-1510'><div class='entry-content-wrapper clearfix'>\n<div class='flex_column av-9e2n3-95aeefa54f898b9331dd3b7c5c05b5af av_one_full  avia-builder-el-1  avia-builder-el-no-sibling  first flex_column_div '     ><style type=\"text\/css\" data-created_by=\"avia_inline_auto\" id=\"style-css-av-9r74w7-8e67ed61ffd1d1e0f76c0cbb061bf9bc\">\n#top .av-special-heading.av-9r74w7-8e67ed61ffd1d1e0f76c0cbb061bf9bc{\npadding-bottom:10px;\ncolor:#ffffff;\nfont-size:70px;\n}\nbody .av-special-heading.av-9r74w7-8e67ed61ffd1d1e0f76c0cbb061bf9bc .av-special-heading-tag .heading-char{\nfont-size:25px;\n}\n#top #wrap_all .av-special-heading.av-9r74w7-8e67ed61ffd1d1e0f76c0cbb061bf9bc .av-special-heading-tag{\nfont-size:70px;\n}\n.av-special-heading.av-9r74w7-8e67ed61ffd1d1e0f76c0cbb061bf9bc .special-heading-inner-border{\nborder-color:#ffffff;\n}\n.av-special-heading.av-9r74w7-8e67ed61ffd1d1e0f76c0cbb061bf9bc .av-subheading{\nfont-size:15px;\n}\n\n@media only screen and (min-width: 480px) and (max-width: 767px){ \n#top #wrap_all .av-special-heading.av-9r74w7-8e67ed61ffd1d1e0f76c0cbb061bf9bc .av-special-heading-tag{\nfont-size:0.8em;\n}\n}\n\n@media only screen and (max-width: 479px){ \n#top #wrap_all .av-special-heading.av-9r74w7-8e67ed61ffd1d1e0f76c0cbb061bf9bc .av-special-heading-tag{\nfont-size:0.8em;\n}\n}\n<\/style>\n<div  class='av-special-heading av-9r74w7-8e67ed61ffd1d1e0f76c0cbb061bf9bc av-special-heading-h6 custom-color-heading blockquote modern-quote modern-centered  avia-builder-el-2  avia-builder-el-no-sibling  av-inherit-size'><h6 class='av-special-heading-tag'  itemprop=\"headline\"  >Contactanos<\/h6><div class=\"special-heading-border\"><div class=\"special-heading-inner-border\"><\/div><\/div><\/div><\/div>\n\n<\/div><\/div><\/main><!-- close content main element --><\/div><\/div><\/div><div id='av-layout-grid-1'  class='av-layout-grid-container av-ba6qbr-ebe18d646b74fed4c7360644ff8637a4 entry-content-wrapper main_color av-flex-cells  avia-builder-el-3  el_after_av_section  avia-builder-el-last  grid-row-not-first  container_wrap sidebar_right'  >\n\n<style type=\"text\/css\" data-created_by=\"avia_inline_auto\" id=\"style-css-av-9v8k8f-7e9ee0ba73cc4df1917771632d55876c\">\n.flex_cell.av-9v8k8f-7e9ee0ba73cc4df1917771632d55876c{\nvertical-align:middle;\n}\n.responsive #top #wrap_all .flex_cell.av-9v8k8f-7e9ee0ba73cc4df1917771632d55876c{\npadding:50px 50px 50px 50px !important;\n}\n<\/style>\n<div class='flex_cell av-9v8k8f-7e9ee0ba73cc4df1917771632d55876c av-gridrow-cell av_one_full no_margin  avia-builder-el-4  avia-builder-el-no-sibling ' ><div class='flex_cell_inner'><p><div id='avia-messagebox-' class='avia_message_box av_notification av-lweditil-d0ba3d6a7711ca3c9055e45157fb706d avia-color-red avia-size-large avia-icon_select-yes avia-border-  avia-builder-el-5  el_before_av_textblock  avia-builder-el-first ' ><span class='avia_message_box_title' >EN CASO DE EMERGENCIA<\/span><div class=\"avia_message_box_content\"><span class='avia_message_box_icon' aria-hidden='true' data-av_icon='\ue83f' data-av_iconfont='entypo-fontello'><\/span><p>EN CASO DE EMERGENCIA, por favor dir\u00edjase a los puntos de contacto designados de su pa\u00eds para el Ministerio\/Instituci\u00f3n Responsable de la Gesti\u00f3n\/Respuesta ante Desastres y sus Agencias Nacionales que Coordinan los Esfuerzos de Emergencia.<\/p>\n<p>NO utilice el espacio a continuaci\u00f3n para solicitar asistencia.<\/p>\n<\/div><\/div><br \/>\n<section  class='av_textblock_section av-9fzy8f-ceecb9a4000b9acbebfb11d1f24da78d'  itemscope=\"itemscope\" itemtype=\"https:\/\/schema.org\/CreativeWork\" ><div class='avia_textblock'  itemprop=\"text\" ><p>Si eres un pa\u00eds, una organizaci\u00f3n o un profesional dedicado que desea agregar o actualizar informaci\u00f3n de contacto en la base de datos, te invitamos a conectarte con nosotros.<\/p>\n<\/div><\/section><br \/>\n\n<style type=\"text\/css\" data-created_by=\"avia_inline_auto\" id=\"style-css-av-xrr3b-06e293991d44b9d965a4e2043ec10fc0\">\n#top .av-special-heading.av-xrr3b-06e293991d44b9d965a4e2043ec10fc0{\npadding-bottom:10px;\nfont-size:20px;\n}\nbody .av-special-heading.av-xrr3b-06e293991d44b9d965a4e2043ec10fc0 .av-special-heading-tag .heading-char{\nfont-size:25px;\n}\n#top #wrap_all .av-special-heading.av-xrr3b-06e293991d44b9d965a4e2043ec10fc0 .av-special-heading-tag{\nfont-size:20px;\n}\n.av-special-heading.av-xrr3b-06e293991d44b9d965a4e2043ec10fc0 .av-subheading{\nfont-size:15px;\n}\n\n@media only screen and (min-width: 480px) and (max-width: 767px){ \n#top #wrap_all .av-special-heading.av-xrr3b-06e293991d44b9d965a4e2043ec10fc0 .av-special-heading-tag{\nfont-size:0.8em;\n}\n}\n\n@media only screen and (max-width: 479px){ \n#top #wrap_all .av-special-heading.av-xrr3b-06e293991d44b9d965a4e2043ec10fc0 .av-special-heading-tag{\nfont-size:0.8em;\n}\n}\n<\/style>\n<div  class='av-special-heading av-xrr3b-06e293991d44b9d965a4e2043ec10fc0 av-special-heading-h5 blockquote modern-quote  avia-builder-el-7  el_after_av_textblock  el_before_av_one_full  av-inherit-size'><h5 class='av-special-heading-tag'  itemprop=\"headline\"  >Contacto Principal<\/h5><div class=\"special-heading-border\"><div class=\"special-heading-inner-border\"><\/div><\/div><\/div><br \/>\n\n<style type=\"text\/css\" data-created_by=\"avia_inline_auto\" id=\"style-css-av-97k36v-9db618c38e80b6cb02bba6fbb3994ac1\">\n#top .flex_column.av-97k36v-9db618c38e80b6cb02bba6fbb3994ac1{\nmargin-top:0px;\nmargin-bottom:0px;\n}\n.flex_column.av-97k36v-9db618c38e80b6cb02bba6fbb3994ac1{\n-webkit-border-radius:0px 0px 0px 0px;\n-moz-border-radius:0px 0px 0px 0px;\nborder-radius:0px 0px 0px 0px;\npadding:0px 0px 0px 0px;\n}\n.responsive #top #wrap_all .flex_column.av-97k36v-9db618c38e80b6cb02bba6fbb3994ac1{\nmargin-top:0px;\nmargin-bottom:0px;\n}\n<\/style>\n<div class='flex_column av-97k36v-9db618c38e80b6cb02bba6fbb3994ac1 av_one_full  avia-builder-el-8  el_after_av_heading  el_before_av_hr  first flex_column_div av-zero-column-padding '     ><div  class='avia-icon-list-container av-380tb-a13722278769834931babb288f85cd33  avia-builder-el-9  avia-builder-el-no-sibling '><ul class='avia-icon-list avia_animate_when_almost_visible avia-icon-list-left av-iconlist-small av-380tb-a13722278769834931babb288f85cd33 avia-iconlist-animate'>\n<li><div class='iconlist_icon av-8tpaef-bf0f53a815bfffda0b8f809416f797fc avia-font-entypo-fontello'><span class='iconlist-char' aria-hidden='true' data-av_icon='\ue854' data-av_iconfont='entypo-fontello'><\/span><\/div><article class=\"article-icon-entry av-iconlist-empty\"  itemscope=\"itemscope\" itemtype=\"https:\/\/schema.org\/CreativeWork\" ><div class=\"iconlist_content_wrap\"><header class=\"entry-content-header\"><div class='av_iconlist_title iconlist_title_small  '  itemprop=\"headline\" >1 (202) 370 5000<\/div><\/header><div class='iconlist_content '  itemprop=\"text\" ><\/div><\/div><footer class=\"entry-footer\"><\/footer><\/article><div class=\"iconlist-timeline\"><\/div><\/li>\n<li><div class='iconlist_icon av-8pr213-01fc10c52528fb5bd8562fb91c7fa280 avia-font-entypo-fontello'><span class='iconlist-char' aria-hidden='true' data-av_icon='\ue805' data-av_iconfont='entypo-fontello'><\/span><\/div><article class=\"article-icon-entry av-iconlist-empty\"  itemscope=\"itemscope\" itemtype=\"https:\/\/schema.org\/CreativeWork\" ><div class=\"iconlist_content_wrap\"><header class=\"entry-content-header\"><div class='av_iconlist_title iconlist_title_small  '  itemprop=\"headline\" >sustainable_dev@oas.org<\/div><\/header><div class='iconlist_content '  itemprop=\"text\" ><\/div><\/div><footer class=\"entry-footer\"><\/footer><\/article><div class=\"iconlist-timeline\"><\/div><\/li>\n<\/ul><\/div><\/div>\n<style type=\"text\/css\" data-created_by=\"avia_inline_auto\" id=\"style-css-av-txttb-96264d8902c84d443828cba243c37ed3\">\n#top .hr.hr-invisible.av-txttb-96264d8902c84d443828cba243c37ed3{\nheight:30px;\n}\n<\/style>\n<div  class='hr av-txttb-96264d8902c84d443828cba243c37ed3 hr-invisible  avia-builder-el-10  el_after_av_one_full  el_before_av_contact '><span class='hr-inner '><span class=\"hr-inner-style\"><\/span><\/span><\/div><br \/>\n<form action=\"https:\/\/whndn.org\/es\/contacto\/\" method=\"post\"  class=\"avia_ajax_form av-form-labels-hidden   avia-builder-el-11  el_after_av_hr  avia-builder-el-last   \" data-avia-form-id=\"1\" data-avia-redirect='' ><fieldset><p class='  first_form  form_element form_fullwidth' id='element_avia_1_1'><label for=\"avia_1_1\">Nombre <abbr class=\"required\" title=\"requerido\">*<\/abbr><\/label> <input name=\"avia_1_1\" class=\"text_input is_empty\" type=\"text\" id=\"avia_1_1\" value=\"\"  placeholder='Nombre*'\/><\/p><p class='  first_form  form_element form_fullwidth' id='element_avia_2_1'><label for=\"avia_2_1\">E-Mail <abbr class=\"required\" title=\"requerido\">*<\/abbr><\/label> <input name=\"avia_2_1\" class=\"text_input is_email\" type=\"text\" id=\"avia_2_1\" value=\"\"  placeholder='E-Mail*'\/><\/p><p class='  first_form  form_element form_fullwidth' id='element_avia_3_1'><label for=\"avia_3_1\">Sujeto <abbr class=\"required\" title=\"requerido\">*<\/abbr><\/label> <input name=\"avia_3_1\" class=\"text_input is_empty\" type=\"text\" id=\"avia_3_1\" value=\"\"  placeholder='Sujeto*'\/><\/p><p class='  first_form  form_element form_fullwidth av-last-visible-form-element' id='element_avia_4_1'><label for=\"avia_4_1\" class=\"textare_label hidden textare_label_avia_4_1\">Mensage <abbr class=\"required\" title=\"requerido\">*<\/abbr><\/label><textarea  placeholder='Mensage*' name=\"avia_4_1\" class=\"text_area is_empty\" cols=\"40\" rows=\"7\" id=\"avia_4_1\" ><\/textarea><\/p><p class=\"hidden\"><input type=\"text\" name=\"avia_5_1\" class=\"hidden \" id=\"avia_5_1\" value=\"\" \/><\/p><p class=\"form_element \"><input type=\"hidden\" value=\"1\" name=\"avia_generated_form1\" \/><input type=\"submit\" value=\"Enviar\" class=\"button\"  data-sending-label=\"Enviando\"\/><\/p><\/fieldset><\/form><div id=\"ajaxresponse_1\" class=\"ajaxresponse ajaxresponse_1 hidden\"><\/div><\/p>\n<\/div><\/div><\/div>\n","protected":false},"excerpt":{"rendered":"","protected":false},"author":1,"featured_media":0,"parent":0,"menu_order":0,"comment_status":"open","ping_status":"closed","template":"","meta":{"_coblocks_attr":"","_coblocks_dimensions":"","_coblocks_responsive_height":"","_coblocks_accordion_ie_support":"","footnotes":""},"class_list":["post-1510","page","type-page","status-publish","hentry"],"_links":{"self":[{"href":"https:\/\/whndn.org\/es\/wp-json\/wp\/v2\/pages\/1510","targetHints":{"allow":["GET"]}}],"collection":[{"href":"https:\/\/whndn.org\/es\/wp-json\/wp\/v2\/pages"}],"about":[{"href":"https:\/\/whndn.org\/es\/wp-json\/wp\/v2\/types\/page"}],"author":[{"embeddable":true,"href":"https:\/\/whndn.org\/es\/wp-json\/wp\/v2\/users\/1"}],"replies":[{"embeddable":true,"href":"https:\/\/whndn.org\/es\/wp-json\/wp\/v2\/comments?post=1510"}],"version-history":[{"count":11,"href":"https:\/\/whndn.org\/es\/wp-json\/wp\/v2\/pages\/1510\/revisions"}],"predecessor-version":[{"id":3536,"href":"https:\/\/whndn.org\/es\/wp-json\/wp\/v2\/pages\/1510\/revisions\/3536"}],"wp:attachment":[{"href":"https:\/\/whndn.org\/es\/wp-json\/wp\/v2\/media?parent=1510"}],"curies":[{"name":"wp","href":"https:\/\/api.w.org\/{rel}","templated":true}]}}